
{"id":1568,"date":"2017-01-10T14:39:29","date_gmt":"2017-01-10T13:39:29","guid":{"rendered":"http:\/\/lerevedeja.cluster020.hosting.ovh.net?page_id=1568"},"modified":"2017-01-30T15:53:48","modified_gmt":"2017-01-30T14:53:48","slug":"onze-kamers","status":"publish","type":"page","link":"https:\/\/www.lerevedelise.be\/nl\/onze-kamers\/","title":{"rendered":"Onze kamers"},"content":{"rendered":"","protected":false},"excerpt":{"rendered":"","protected":false},"author":1,"featured_media":0,"parent":0,"menu_order":0,"comment_status":"closed","ping_status":"closed","template":"templates\/rooms-standard.php","meta":{"footnotes":""},"class_list":["post-1568","page","type-page","status-publish","hentry"],"yoast_head":"<!-- This site is optimized with the Yoast SEO plugin v27.3 - https:\/\/yoast.com\/product\/yoast-seo-wordpress\/ -->\n<title>Onze kamers - Le R\u00eave d&#039;\u00c9lise<\/title>\n<meta name=\"robots\" content=\"index, follow, max-snippet:-1, max-image-preview:large, max-video-preview:-1\" \/>\n<link rel=\"canonical\" href=\"https:\/\/www.lerevedelise.be\/nl\/onze-kamers\/\" \/>\n<meta property=\"og:locale\" content=\"nl_NL\" \/>\n<meta property=\"og:type\" content=\"article\" \/>\n<meta property=\"og:title\" content=\"Onze kamers - Le R\u00eave d&#039;\u00c9lise\" \/>\n<meta property=\"og:url\" content=\"https:\/\/www.lerevedelise.be\/nl\/onze-kamers\/\" \/>\n<meta property=\"og:site_name\" content=\"Le R\u00eave d&#039;\u00c9lise\" \/>\n<meta property=\"article:publisher\" content=\"https:\/\/www.facebook.com\/LeReveDElise\/\" \/>\n<meta property=\"article:modified_time\" content=\"2017-01-30T14:53:48+00:00\" \/>\n<meta name=\"twitter:card\" content=\"summary_large_image\" \/>\n<script type=\"application\/ld+json\" class=\"yoast-schema-graph\">{\"@context\":\"https:\\\/\\\/schema.org\",\"@graph\":[{\"@type\":\"WebPage\",\"@id\":\"https:\\\/\\\/www.lerevedelise.be\\\/nl\\\/onze-kamers\\\/\",\"url\":\"https:\\\/\\\/www.lerevedelise.be\\\/nl\\\/onze-kamers\\\/\",\"name\":\"Onze kamers - Le R\u00eave d'\u00c9lise\",\"isPartOf\":{\"@id\":\"https:\\\/\\\/www.lerevedelise.be\\\/#website\"},\"datePublished\":\"2017-01-10T13:39:29+00:00\",\"dateModified\":\"2017-01-30T14:53:48+00:00\",\"breadcrumb\":{\"@id\":\"https:\\\/\\\/www.lerevedelise.be\\\/nl\\\/onze-kamers\\\/#breadcrumb\"},\"inLanguage\":\"nl-NL\",\"potentialAction\":[{\"@type\":\"ReadAction\",\"target\":[\"https:\\\/\\\/www.lerevedelise.be\\\/nl\\\/onze-kamers\\\/\"]}]},{\"@type\":\"BreadcrumbList\",\"@id\":\"https:\\\/\\\/www.lerevedelise.be\\\/nl\\\/onze-kamers\\\/#breadcrumb\",\"itemListElement\":[{\"@type\":\"ListItem\",\"position\":1,\"name\":\"Accueil\",\"item\":\"https:\\\/\\\/www.lerevedelise.be\\\/nl\\\/\"},{\"@type\":\"ListItem\",\"position\":2,\"name\":\"Onze kamers\"}]},{\"@type\":\"WebSite\",\"@id\":\"https:\\\/\\\/www.lerevedelise.be\\\/#website\",\"url\":\"https:\\\/\\\/www.lerevedelise.be\\\/\",\"name\":\"Le R\u00eave d'\u00c9lise\",\"description\":\"Maison de vacances en Ardennes pour 13 \u00e0 15 personnes\",\"potentialAction\":[{\"@type\":\"SearchAction\",\"target\":{\"@type\":\"EntryPoint\",\"urlTemplate\":\"https:\\\/\\\/www.lerevedelise.be\\\/?s={search_term_string}\"},\"query-input\":{\"@type\":\"PropertyValueSpecification\",\"valueRequired\":true,\"valueName\":\"search_term_string\"}}],\"inLanguage\":\"nl-NL\"}]}<\/script>\n<!-- \/ Yoast SEO plugin. -->","yoast_head_json":{"title":"Onze kamers - Le R\u00eave d'\u00c9lise","robots":{"index":"index","follow":"follow","max-snippet":"max-snippet:-1","max-image-preview":"max-image-preview:large","max-video-preview":"max-video-preview:-1"},"canonical":"https:\/\/www.lerevedelise.be\/nl\/onze-kamers\/","og_locale":"nl_NL","og_type":"article","og_title":"Onze kamers - Le R\u00eave d'\u00c9lise","og_url":"https:\/\/www.lerevedelise.be\/nl\/onze-kamers\/","og_site_name":"Le R\u00eave d'\u00c9lise","article_publisher":"https:\/\/www.facebook.com\/LeReveDElise\/","article_modified_time":"2017-01-30T14:53:48+00:00","twitter_card":"summary_large_image","schema":{"@context":"https:\/\/schema.org","@graph":[{"@type":"WebPage","@id":"https:\/\/www.lerevedelise.be\/nl\/onze-kamers\/","url":"https:\/\/www.lerevedelise.be\/nl\/onze-kamers\/","name":"Onze kamers - Le R\u00eave d'\u00c9lise","isPartOf":{"@id":"https:\/\/www.lerevedelise.be\/#website"},"datePublished":"2017-01-10T13:39:29+00:00","dateModified":"2017-01-30T14:53:48+00:00","breadcrumb":{"@id":"https:\/\/www.lerevedelise.be\/nl\/onze-kamers\/#breadcrumb"},"inLanguage":"nl-NL","potentialAction":[{"@type":"ReadAction","target":["https:\/\/www.lerevedelise.be\/nl\/onze-kamers\/"]}]},{"@type":"BreadcrumbList","@id":"https:\/\/www.lerevedelise.be\/nl\/onze-kamers\/#breadcrumb","itemListElement":[{"@type":"ListItem","position":1,"name":"Accueil","item":"https:\/\/www.lerevedelise.be\/nl\/"},{"@type":"ListItem","position":2,"name":"Onze kamers"}]},{"@type":"WebSite","@id":"https:\/\/www.lerevedelise.be\/#website","url":"https:\/\/www.lerevedelise.be\/","name":"Le R\u00eave d'\u00c9lise","description":"Maison de vacances en Ardennes pour 13 \u00e0 15 personnes","potentialAction":[{"@type":"SearchAction","target":{"@type":"EntryPoint","urlTemplate":"https:\/\/www.lerevedelise.be\/?s={search_term_string}"},"query-input":{"@type":"PropertyValueSpecification","valueRequired":true,"valueName":"search_term_string"}}],"inLanguage":"nl-NL"}]}},"_links":{"self":[{"href":"https:\/\/www.lerevedelise.be\/nl\/wp-json\/wp\/v2\/pages\/1568","targetHints":{"allow":["GET"]}}],"collection":[{"href":"https:\/\/www.lerevedelise.be\/nl\/wp-json\/wp\/v2\/pages"}],"about":[{"href":"https:\/\/www.lerevedelise.be\/nl\/wp-json\/wp\/v2\/types\/page"}],"author":[{"embeddable":true,"href":"https:\/\/www.lerevedelise.be\/nl\/wp-json\/wp\/v2\/users\/1"}],"replies":[{"embeddable":true,"href":"https:\/\/www.lerevedelise.be\/nl\/wp-json\/wp\/v2\/comments?post=1568"}],"version-history":[{"count":0,"href":"https:\/\/www.lerevedelise.be\/nl\/wp-json\/wp\/v2\/pages\/1568\/revisions"}],"wp:attachment":[{"href":"https:\/\/www.lerevedelise.be\/nl\/wp-json\/wp\/v2\/media?parent=1568"}],"curies":[{"name":"wp","href":"https:\/\/api.w.org\/{rel}","templated":true}]}}