
{"id":1562,"date":"2017-01-10T14:20:04","date_gmt":"2017-01-10T13:20:04","guid":{"rendered":"http:\/\/lerevedeja.cluster020.hosting.ovh.net?page_id=1562"},"modified":"2021-05-12T10:19:58","modified_gmt":"2021-05-12T08:19:58","slug":"le-reve-d-elise","status":"publish","type":"page","link":"https:\/\/www.lerevedelise.be\/nl\/le-reve-d-elise\/","title":{"rendered":"Le R\u00eave d&#8217;\u00c9lise"},"content":{"rendered":"","protected":false},"excerpt":{"rendered":"","protected":false},"author":1,"featured_media":0,"parent":0,"menu_order":0,"comment_status":"closed","ping_status":"closed","template":"","meta":{"footnotes":""},"class_list":["post-1562","page","type-page","status-publish","hentry"],"yoast_head":"<!-- This site is optimized with the Yoast SEO plugin v27.3 - https:\/\/yoast.com\/product\/yoast-seo-wordpress\/ -->\n<title>Le R\u00eave d&#039;\u00c9lise - Le R\u00eave d&#039;\u00c9lise<\/title>\n<meta name=\"robots\" content=\"index, follow, max-snippet:-1, max-image-preview:large, max-video-preview:-1\" \/>\n<link rel=\"canonical\" href=\"https:\/\/www.lerevedelise.be\/nl\/le-reve-d-elise\/\" \/>\n<meta property=\"og:locale\" content=\"nl_NL\" \/>\n<meta property=\"og:type\" content=\"article\" \/>\n<meta property=\"og:title\" content=\"Le R\u00eave d&#039;\u00c9lise - Le R\u00eave d&#039;\u00c9lise\" \/>\n<meta property=\"og:url\" content=\"https:\/\/www.lerevedelise.be\/nl\/le-reve-d-elise\/\" \/>\n<meta property=\"og:site_name\" content=\"Le R\u00eave d&#039;\u00c9lise\" \/>\n<meta property=\"article:publisher\" content=\"https:\/\/www.facebook.com\/LeReveDElise\/\" \/>\n<meta property=\"article:modified_time\" content=\"2021-05-12T08:19:58+00:00\" \/>\n<meta name=\"twitter:card\" content=\"summary_large_image\" \/>\n<script type=\"application\/ld+json\" class=\"yoast-schema-graph\">{\"@context\":\"https:\\\/\\\/schema.org\",\"@graph\":[{\"@type\":\"WebPage\",\"@id\":\"https:\\\/\\\/www.lerevedelise.be\\\/nl\\\/le-reve-d-elise\\\/\",\"url\":\"https:\\\/\\\/www.lerevedelise.be\\\/nl\\\/le-reve-d-elise\\\/\",\"name\":\"Le R\u00eave d'\u00c9lise - Le R\u00eave d'\u00c9lise\",\"isPartOf\":{\"@id\":\"https:\\\/\\\/www.lerevedelise.be\\\/#website\"},\"datePublished\":\"2017-01-10T13:20:04+00:00\",\"dateModified\":\"2021-05-12T08:19:58+00:00\",\"breadcrumb\":{\"@id\":\"https:\\\/\\\/www.lerevedelise.be\\\/nl\\\/le-reve-d-elise\\\/#breadcrumb\"},\"inLanguage\":\"nl-NL\",\"potentialAction\":[{\"@type\":\"ReadAction\",\"target\":[\"https:\\\/\\\/www.lerevedelise.be\\\/nl\\\/le-reve-d-elise\\\/\"]}]},{\"@type\":\"BreadcrumbList\",\"@id\":\"https:\\\/\\\/www.lerevedelise.be\\\/nl\\\/le-reve-d-elise\\\/#breadcrumb\",\"itemListElement\":[{\"@type\":\"ListItem\",\"position\":1,\"name\":\"Accueil\",\"item\":\"https:\\\/\\\/www.lerevedelise.be\\\/nl\\\/\"},{\"@type\":\"ListItem\",\"position\":2,\"name\":\"Le R\u00eave d&#8217;\u00c9lise\"}]},{\"@type\":\"WebSite\",\"@id\":\"https:\\\/\\\/www.lerevedelise.be\\\/#website\",\"url\":\"https:\\\/\\\/www.lerevedelise.be\\\/\",\"name\":\"Le R\u00eave d'\u00c9lise\",\"description\":\"Maison de vacances en Ardennes pour 13 \u00e0 15 personnes\",\"potentialAction\":[{\"@type\":\"SearchAction\",\"target\":{\"@type\":\"EntryPoint\",\"urlTemplate\":\"https:\\\/\\\/www.lerevedelise.be\\\/?s={search_term_string}\"},\"query-input\":{\"@type\":\"PropertyValueSpecification\",\"valueRequired\":true,\"valueName\":\"search_term_string\"}}],\"inLanguage\":\"nl-NL\"}]}<\/script>\n<!-- \/ Yoast SEO plugin. -->","yoast_head_json":{"title":"Le R\u00eave d'\u00c9lise - Le R\u00eave d'\u00c9lise","robots":{"index":"index","follow":"follow","max-snippet":"max-snippet:-1","max-image-preview":"max-image-preview:large","max-video-preview":"max-video-preview:-1"},"canonical":"https:\/\/www.lerevedelise.be\/nl\/le-reve-d-elise\/","og_locale":"nl_NL","og_type":"article","og_title":"Le R\u00eave d'\u00c9lise - Le R\u00eave d'\u00c9lise","og_url":"https:\/\/www.lerevedelise.be\/nl\/le-reve-d-elise\/","og_site_name":"Le R\u00eave d'\u00c9lise","article_publisher":"https:\/\/www.facebook.com\/LeReveDElise\/","article_modified_time":"2021-05-12T08:19:58+00:00","twitter_card":"summary_large_image","schema":{"@context":"https:\/\/schema.org","@graph":[{"@type":"WebPage","@id":"https:\/\/www.lerevedelise.be\/nl\/le-reve-d-elise\/","url":"https:\/\/www.lerevedelise.be\/nl\/le-reve-d-elise\/","name":"Le R\u00eave d'\u00c9lise - Le R\u00eave d'\u00c9lise","isPartOf":{"@id":"https:\/\/www.lerevedelise.be\/#website"},"datePublished":"2017-01-10T13:20:04+00:00","dateModified":"2021-05-12T08:19:58+00:00","breadcrumb":{"@id":"https:\/\/www.lerevedelise.be\/nl\/le-reve-d-elise\/#breadcrumb"},"inLanguage":"nl-NL","potentialAction":[{"@type":"ReadAction","target":["https:\/\/www.lerevedelise.be\/nl\/le-reve-d-elise\/"]}]},{"@type":"BreadcrumbList","@id":"https:\/\/www.lerevedelise.be\/nl\/le-reve-d-elise\/#breadcrumb","itemListElement":[{"@type":"ListItem","position":1,"name":"Accueil","item":"https:\/\/www.lerevedelise.be\/nl\/"},{"@type":"ListItem","position":2,"name":"Le R\u00eave d&#8217;\u00c9lise"}]},{"@type":"WebSite","@id":"https:\/\/www.lerevedelise.be\/#website","url":"https:\/\/www.lerevedelise.be\/","name":"Le R\u00eave d'\u00c9lise","description":"Maison de vacances en Ardennes pour 13 \u00e0 15 personnes","potentialAction":[{"@type":"SearchAction","target":{"@type":"EntryPoint","urlTemplate":"https:\/\/www.lerevedelise.be\/?s={search_term_string}"},"query-input":{"@type":"PropertyValueSpecification","valueRequired":true,"valueName":"search_term_string"}}],"inLanguage":"nl-NL"}]}},"_links":{"self":[{"href":"https:\/\/www.lerevedelise.be\/nl\/wp-json\/wp\/v2\/pages\/1562","targetHints":{"allow":["GET"]}}],"collection":[{"href":"https:\/\/www.lerevedelise.be\/nl\/wp-json\/wp\/v2\/pages"}],"about":[{"href":"https:\/\/www.lerevedelise.be\/nl\/wp-json\/wp\/v2\/types\/page"}],"author":[{"embeddable":true,"href":"https:\/\/www.lerevedelise.be\/nl\/wp-json\/wp\/v2\/users\/1"}],"replies":[{"embeddable":true,"href":"https:\/\/www.lerevedelise.be\/nl\/wp-json\/wp\/v2\/comments?post=1562"}],"version-history":[{"count":1,"href":"https:\/\/www.lerevedelise.be\/nl\/wp-json\/wp\/v2\/pages\/1562\/revisions"}],"predecessor-version":[{"id":2192,"href":"https:\/\/www.lerevedelise.be\/nl\/wp-json\/wp\/v2\/pages\/1562\/revisions\/2192"}],"wp:attachment":[{"href":"https:\/\/www.lerevedelise.be\/nl\/wp-json\/wp\/v2\/media?parent=1562"}],"curies":[{"name":"wp","href":"https:\/\/api.w.org\/{rel}","templated":true}]}}